{"id":386,"date":"2017-07-18T15:47:09","date_gmt":"2017-07-18T13:47:09","guid":{"rendered":"https:\/\/www.agriturismogaiasofia.it\/cookie-policy\/"},"modified":"2017-07-18T15:47:09","modified_gmt":"2017-07-18T13:47:09","slug":"cookie-policy","status":"publish","type":"page","link":"https:\/\/www.agriturismogaiasofia.it\/en\/cookie-policy\/","title":{"rendered":"Cookie policy"},"content":{"rendered":"<div class=\"wpb_text_column wpb_content_element \">\n<div class=\"wpb_wrapper\">\n<h1>COOKIE POLICY<\/h1>\n<h3>COSA SONO I COOKIE?<\/h3>\n<p>I cookie sono brevi frammenti di testo (lettere e\/o numeri) che permettono al server web di memorizzare sul client (il browser) informazioni da riutilizzare nel corso della medesima visita al sito (cookie di sessione) o in seguito, anche a distanza di giorni (cookie persistenti). I cookie vengono memorizzati, in base alle preferenze dell\u2019utente, dal singolo browser sullo specifico dispositivo utilizzato (computer, tablet, smartphone).<br \/>\nTecnologie similari, come, ad esempio, web beacon, GIF trasparenti e tutte le forme di storage locale introdotte con HTML5, sono utilizzabili per raccogliere informazioni sul comportamento dell\u2019utente e sull\u2019utilizzo dei servizi.<br \/>\nNel seguito di questo documento faremo riferimento ai cookie e a tutte le tecnologie similari utilizzando semplicemente il termine \u201ccookie\u201d.<\/p>\n<h3>TIPOLOGIE DI COOKIE<\/h3>\n<p>In base alle caratteristiche e all\u2019utilizzo dei cookie possiamo distinguere diverse categorie:<\/p>\n<h3>I COOKIES DI PRIMA PARTE<\/h3>\n<p>Ovvero i cookies che appartengono al sito dell\u2019editore che li ha creati, sono impostati dal sito web visitato dall\u2019utente, il cui indirizzo compare nella finestra URL. L\u2019utilizzo di tali cookies permette di far funzionare il sito in modo efficiente e di tracciare i modelli di comportamento dei visitatori.<\/p>\n<h3>COOKIE STRETTAMENTE NECESSARI.<\/h3>\n<p>Si tratta di cookie indispensabili per il corretto funzionamento del sito e sono utilizzati, ad esempio, per gestire il login e l\u2019accesso alle funzioni riservate del sito. La durata dei cookie \u00e8 strettamente limitata alla sessione di lavoro (chiuso il browser vengono cancellati)<\/p>\n<h3>COOKIE DI ANALISI E PRESTAZIONI.<\/h3>\n<p>Sono cookie utilizzati per raccogliere e analizzare il traffico e l\u2019utilizzo del sito in modo anonimo. Questi cookie, pur senza identificare l\u2019utente, consentono, per esempio, di rilevare se il medesimo utente torna a collegarsi in momenti diversi. Permettono inoltre di monitorare il sistema e migliorarne le prestazioni e l\u2019usabilit\u00e0. La disattivazione di tali cookie pu\u00f2 essere eseguita senza alcuna perdita di funzionalit\u00e0.<\/p>\n<h3>COOKIE DI PROFILAZIONE.<\/h3>\n<p>Si tratta di cookie permanenti utilizzati per identificare (in modo anonimo e non) le preferenze dell\u2019utente e migliorare la sua esperienza di navigazione. Il sito non utilizza cookie di questo tipo.<\/p>\n<h3>COOKIE DI TERZE PARTI<\/h3>\n<p>Visitando un sito web si possono ricevere cookie sia dal sito visitato (\u201cproprietari\u201d), sia da siti gestiti da altre organizzazioni (\u201cterze parti\u201d). Un esempio notevole \u00e8 rappresentato dalla presenza dei \u201csocial plugin\u201d per Facebook, Twitter, Google+ e LinkedIn. Si tratta di parti della pagina visitata generate direttamente dai suddetti siti ed integrati nella pagina del sito ospitante. L\u2019utilizzo pi\u00f9 comune dei social plugin \u00e8 finalizzato alla condivisione dei contenuti sui social network.<br \/>\nLa presenza di questi plugin comporta la trasmissione di cookie da e verso tutti i siti gestiti da terze parti. La gestione delle informazioni raccolte da \u201cterze parti\u201d \u00e8 disciplinata dalle relative informative cui si prega di fare riferimento. Per garantire una maggiore trasparenza e comodit\u00e0, si riportano qui di seguito gli indirizzi web delle diverse informative e delle modalit\u00e0 per la gestione dei cookie.<br \/>\nFacebook informativa: https:\/\/www.facebook.com\/help\/cookies\/<br \/>\nFacebook (configurazione): accedere al proprio account. Sezione privacy.<br \/>\nTwitter informative: https:\/\/support.twitter.com\/articles\/20170514<br \/>\nTwitter (configurazione): https:\/\/twitter.com\/settings\/security<br \/>\nLinkedin informativa: https:\/\/www.linkedin.com\/legal\/cookie-policy<br \/>\nLinkedin (configurazione): https:\/\/www.linkedin.com\/settings\/<br \/>\nGoogle+ informativa: http:\/\/www.google.it\/intl\/it\/policies\/technologies\/cookies\/<br \/>\nGoogle+ (configurazione): http:\/\/www.google.it\/intl\/it\/policies\/technologies\/managing\/<br \/>\nVimeo informativa: https:\/\/vimeo.com\/cookie_policy<\/p>\n<h3>GOOGLE ANALYTICS<\/h3>\n<p>Il sito pu\u00f2 includere anche talune componenti trasmesse da Google Analytics, un servizio di analisi del traffico web fornito da Google, Inc. (\u201cGoogle\u201d). Anche in questo caso si tratta di cookie di terze parti raccolti e gestiti per monitorare e migliorare le prestazioni del sito ospite (performance cookie).<br \/>\nGoogle Analytics utilizza i \u201ccookie\u201d per raccogliere e analizzare le informazioni sui comportamenti di utilizzo del sito web (compreso l\u2019indirizzo IP dell\u2019utente). Tali informazioni vengono raccolte da Google Analytics, che le elabora allo scopo di redigere report per gli operatori del sito riguardanti le attivit\u00e0 sul sito web stesso.<br \/>\nPer ulteriori informazioni, si rinvia al link di seguito indicato:<br \/>\nhttps:\/\/www.google.it\/policies\/privacy\/partners\/<br \/>\nL\u2019utente pu\u00f2 disabilitare in modo selettivo l\u2019azione di Google Analytics installando sul proprio browser la componente di opt-out fornito da Google. Per disabilitare l\u2019azione di Google Analytics, si rinvia al link di seguito indicato:<br \/>\nhttps:\/\/tools.google.com\/dlpage\/gaoptout<\/p>\n<h2>DURATA DEI COOKIE<\/h2>\n<p>Alcuni cookie (cookie di sessione) restano attivi solo fino alla chiusura del browser o all\u2019esecuzione del comando di logout. Altri cookie \u201csopravvivono\u201d alla chiusura del browser e sono disponibili anche in successive visite dell\u2019utente.<br \/>\nQuesti cookie sono detti persistenti e la loro durata \u00e8 fissata dal server al momento della loro creazione. In alcuni casi \u00e8 fissata una scadenza, in altri casi la durata \u00e8 illimitata.<br \/>\nNavigando sulle pagine del sito, si pu\u00f2 interagire con siti gestiti da terze parti che possono creare o modificare cookie permanenti e di profilazione.<\/p>\n<h2>GESTIONE DEI COOKIE<\/h2>\n<p>L\u2019utente pu\u00f2 decidere se accettare o meno i cookie utilizzando le impostazioni del proprio browser.<br \/>\nAttenzione: la disabilitazione totale o parziale dei cookie tecnici pu\u00f2 compromettere l\u2019utilizzo delle funzionalit\u00e0 del sito.<br \/>\nLa disabilitazione dei cookie \u201cterze parti\u201d non pregiudica in alcun modo la navigabilit\u00e0.<br \/>\nL\u2019impostazione pu\u00f2 essere definita in modo specifico per i diversi siti e applicazioni web. Inoltre i migliori browser consentono di definire impostazioni diverse per i cookie \u201cproprietari\u201d e per quelli di \u201cterze parti\u201d.<br \/>\nA titolo di esempio, in Firefox, attraverso il menu Strumenti-&gt;Opzioni -&gt;Privacy, \u00e8 possibile accedere ad un pannello di controllo dove \u00e8 possibile definire se accettare o meno i diversi tipi di cookie e procedere alla loro rimozione.<br \/>\nChrome: https:\/\/support.google.com\/chrome\/answer\/95647?hl=it<br \/>\nFirefox: https:\/\/support.mozilla.org\/it\/kb\/Gestione%20dei%20cookie<br \/>\nInternet Explorer: http:\/\/windows.microsoft.com\/it-it\/windows7\/how-to-manage-cookies-in-internet-explorer-9<br \/>\nOpera: http:\/\/help.opera.com\/Windows\/10.00\/it\/cookies.html<br \/>\nSafari: http:\/\/support.apple.com\/kb\/HT1677?viewlocale=it_IT<br \/>\nFermo restando quanto precede, informiamo che l\u2019Utente pu\u00f2 avvalersi di Your Online Choices. Attraverso tale servizio \u00e8 possibile gestire le preferenze di tracciamento della maggior parte degli strumenti pubblicitari. Il Titolare, pertanto, consiglia agli Utenti di utilizzare tale risorsa in aggiunta alle informazioni fornite dal presente documento.<\/p>\n<\/div>\n<\/div>\n<h3>ACTIVE COOKIES<\/h3>\n<table>\n<tbody>\n<tr>\n<th>Nome<\/th>\n<th>Valore<\/th>\n<\/tr>\n<tr>\n<td>_gat<\/td>\n<td>1<\/td>\n<\/tr>\n<tr>\n<td>euCookie<\/td>\n<td>set<\/td>\n<\/tr>\n<tr>\n<td>_ga<\/td>\n<td>GA1.2.1912849531.1499957032<\/td>\n<\/tr>\n<tr>\n<td>_gid<\/td>\n<td>GA1.2.1555243248.1500381388<\/td>\n<\/tr>\n<tr>\n<td>_icl_current_language<\/td>\n<td>it<\/td>\n<\/tr>\n<\/tbody>\n<\/table>\n<div class=\"wpb_text_column wpb_content_element \">\n<div class=\"wpb_wrapper\">\n<div class=\"pea_cook_control\" style=\"text-align: center;\">I Cookie sono abilitati<br \/>\n<button id=\"eu_revoke_cookies\" class=\"eu_control_btn\">REVOCA CONSENSO COOKIE<\/button><\/div>\n<\/div>\n<\/div>\n","protected":false},"excerpt":{"rendered":"<p>COOKIE POLICY COSA SONO I COOKIE? I cookie sono brevi frammenti di testo (lettere e\/o numeri) che permettono al server web di memorizzare sul client (il<span class=\"excerpt-hellip\"> [\u2026]<\/span><\/p>\n","protected":false},"author":1,"featured_media":0,"parent":0,"menu_order":0,"comment_status":"closed","ping_status":"open","template":"","meta":{"om_disable_all_campaigns":false,"_monsterinsights_skip_tracking":false,"_monsterinsights_sitenote_active":false,"_monsterinsights_sitenote_note":"","_monsterinsights_sitenote_category":0,"footnotes":""},"aioseo_notices":[],"_links":{"self":[{"href":"https:\/\/www.agriturismogaiasofia.it\/en\/wp-json\/wp\/v2\/pages\/386"}],"collection":[{"href":"https:\/\/www.agriturismogaiasofia.it\/en\/wp-json\/wp\/v2\/pages"}],"about":[{"href":"https:\/\/www.agriturismogaiasofia.it\/en\/wp-json\/wp\/v2\/types\/page"}],"author":[{"embeddable":true,"href":"https:\/\/www.agriturismogaiasofia.it\/en\/wp-json\/wp\/v2\/users\/1"}],"replies":[{"embeddable":true,"href":"https:\/\/www.agriturismogaiasofia.it\/en\/wp-json\/wp\/v2\/comments?post=386"}],"version-history":[{"count":0,"href":"https:\/\/www.agriturismogaiasofia.it\/en\/wp-json\/wp\/v2\/pages\/386\/revisions"}],"wp:attachment":[{"href":"https:\/\/www.agriturismogaiasofia.it\/en\/wp-json\/wp\/v2\/media?parent=386"}],"curies":[{"name":"wp","href":"https:\/\/api.w.org\/{rel}","templated":true}]}}